{"id":1617,"date":"2026-04-25T18:57:20","date_gmt":"2026-04-25T16:57:20","guid":{"rendered":"https:\/\/e-kodumarket.ee\/ru\/tagastus\/"},"modified":"2026-04-25T18:57:20","modified_gmt":"2026-04-25T16:57:20","slug":"tagastus","status":"publish","type":"page","link":"https:\/\/e-kodumarket.ee\/ru\/tagastus\/","title":{"rendered":"Tagastus"},"content":{"rendered":"\n<p>Sul on \u00f5igus toode 14 p\u00e4eva jooksul ilma p\u00f5hjendust andmata tagastada. Toode peab olema kasutamata, originaalpakendis ja m\u00fc\u00fcdavas seisukorras.<\/p>\n","protected":false},"excerpt":{"rendered":"<p>14 p\u00e4eva tagastus\u00f5igus avamata pakendiga toodetele. Lihtne ja tasuta.<\/p>\n","protected":false},"author":1,"featured_media":0,"parent":0,"menu_order":0,"comment_status":"closed","ping_status":"closed","template":"page-tagastus.php","meta":{"footnotes":""},"class_list":["post-1617","page","type-page","status-publish"],"_links":{"self":[{"href":"https:\/\/e-kodumarket.ee\/ru\/wp-json\/wp\/v2\/pages\/1617","targetHints":{"allow":["GET"]}}],"collection":[{"href":"https:\/\/e-kodumarket.ee\/ru\/wp-json\/wp\/v2\/pages"}],"about":[{"href":"https:\/\/e-kodumarket.ee\/ru\/wp-json\/wp\/v2\/types\/page"}],"author":[{"embeddable":true,"href":"https:\/\/e-kodumarket.ee\/ru\/wp-json\/wp\/v2\/users\/1"}],"replies":[{"embeddable":true,"href":"https:\/\/e-kodumarket.ee\/ru\/wp-json\/wp\/v2\/comments?post=1617"}],"version-history":[{"count":0,"href":"https:\/\/e-kodumarket.ee\/ru\/wp-json\/wp\/v2\/pages\/1617\/revisions"}],"wp:attachment":[{"href":"https:\/\/e-kodumarket.ee\/ru\/wp-json\/wp\/v2\/media?parent=1617"}],"curies":[{"name":"wp","href":"https:\/\/api.w.org\/{rel}","templated":true}]}}