{"id":1606,"date":"2026-04-25T17:02:39","date_gmt":"2026-04-25T17:02:39","guid":{"rendered":"https:\/\/e-kodumarket.ee\/en\/tingimused\/"},"modified":"2026-04-25T17:02:39","modified_gmt":"2026-04-25T17:02:39","slug":"tingimused","status":"publish","type":"page","link":"https:\/\/e-kodumarket.ee\/en\/tingimused\/","title":{"rendered":"M\u00fc\u00fcgitingimused"},"content":{"rendered":"\n<p>K\u00e4esolevad tingimused reguleerivad ostude sooritamist e-Kodumarket O\u00dc veebipoes <a href=\"https:\/\/e-kodumarket.ee\">e-kodumarket.ee<\/a>.<\/p>\n\n\n\n<h2 class=\"wp-block-heading\">Tellimuse vormistamine<\/h2>\n\n\n\n<p>Tellimuse vormistamiseks tuleb sul valida tooted, lisada need ostukorvi ja vormistada tellimus kassas. P\u00e4rast tellimuse vormistamist saadetakse sulle e-postile kinnitus.<\/p>\n\n\n\n<h2 class=\"wp-block-heading\">Hind ja maksmine<\/h2>\n\n\n\n<p>K\u00f5ik hinnad on eurodes ja sisaldavad k\u00e4ibemaksu (22%). Maksta saab kaardiga, panga\u00fclekandega v\u00f5i Klarnaga. Maksed t\u00f6\u00f6tleb turvaline maksevahendaja.<\/p>\n\n\n\n<h2 class=\"wp-block-heading\">Tarne<\/h2>\n\n\n\n<p>Tarne tingimused on kirjas <a href=\"\/tarne\/\">tarne lehel<\/a>.<\/p>\n\n\n\n<h2 class=\"wp-block-heading\">Taganemis\u00f5igus<\/h2>\n\n\n\n<p>Sul on 14 p\u00e4eva taganemis\u00f5igus alates kauba k\u00e4ttesaamisest. Detailid leiad <a href=\"\/tagastus\/\">tagastuse lehelt<\/a>.<\/p>\n\n\n\n<h2 class=\"wp-block-heading\">Vaidluste lahendamine<\/h2>\n\n\n\n<p>P\u00fc\u00fcame iga vaidluse lahendada kokkuleppel. Kui see ei \u00f5nnestu, on sul \u00f5igus p\u00f6\u00f6rduda Tarbijavaidluste komisjoni poole (<a href=\"https:\/\/komisjon.ee\" rel=\"noopener\" target=\"_blank\">komisjon.ee<\/a>).<\/p>\n","protected":false},"excerpt":{"rendered":"<p>Tellimise ja ostmise tingimused \u2014 selgelt s\u00f5nastatud.<\/p>\n","protected":false},"author":1,"featured_media":0,"parent":0,"menu_order":0,"comment_status":"closed","ping_status":"closed","template":"page-info.php","meta":{"footnotes":""},"class_list":["post-1606","page","type-page","status-publish"],"_links":{"self":[{"href":"https:\/\/e-kodumarket.ee\/en\/wp-json\/wp\/v2\/pages\/1606","targetHints":{"allow":["GET"]}}],"collection":[{"href":"https:\/\/e-kodumarket.ee\/en\/wp-json\/wp\/v2\/pages"}],"about":[{"href":"https:\/\/e-kodumarket.ee\/en\/wp-json\/wp\/v2\/types\/page"}],"author":[{"embeddable":true,"href":"https:\/\/e-kodumarket.ee\/en\/wp-json\/wp\/v2\/users\/1"}],"replies":[{"embeddable":true,"href":"https:\/\/e-kodumarket.ee\/en\/wp-json\/wp\/v2\/comments?post=1606"}],"version-history":[{"count":0,"href":"https:\/\/e-kodumarket.ee\/en\/wp-json\/wp\/v2\/pages\/1606\/revisions"}],"wp:attachment":[{"href":"https:\/\/e-kodumarket.ee\/en\/wp-json\/wp\/v2\/media?parent=1606"}],"curies":[{"name":"wp","href":"https:\/\/api.w.org\/{rel}","templated":true}]}}